{"id":1797,"date":"2014-06-18T16:26:13","date_gmt":"2014-06-18T14:26:13","guid":{"rendered":"http:\/\/aeteres.com\/?page_id=1797"},"modified":"2014-12-01T15:19:38","modified_gmt":"2014-12-01T14:19:38","slug":"systems-and-magic","status":"publish","type":"page","link":"https:\/\/aeteres.com\/en\/partners\/systems-and-magic\/","title":{"rendered":"Systems and Magic"},"content":{"rendered":"[spb_text_block pb_margin_bottom=&#8221;no&#8221; pb_border_bottom=&#8221;no&#8221; width=&#8221;1\/1&#8243; el_position=&#8221;first last&#8221;]\n<h2>FUNCTION AND EMOTION<\/h2>\n<p><img loading=\"lazy\" decoding=\"async\" class=\"alignleft wp-image-80 size-medium\" src=\"https:\/\/aeteres.com\/wp-content\/uploads\/systems-and-magic-300x300.jpg\" alt=\"systems-and-magic\" width=\"300\" height=\"300\" srcset=\"https:\/\/aeteres.com\/wp-content\/uploads\/systems-and-magic-300x300.jpg 300w, https:\/\/aeteres.com\/wp-content\/uploads\/systems-and-magic-175x175.jpg 175w, https:\/\/aeteres.com\/wp-content\/uploads\/systems-and-magic-250x250.jpg 250w, https:\/\/aeteres.com\/wp-content\/uploads\/systems-and-magic-45x45.jpg 45w, https:\/\/aeteres.com\/wp-content\/uploads\/systems-and-magic.jpg 350w\" sizes=\"auto, (max-width: 300px) 100vw, 300px\" \/>Uno dei campi pi\u00f9 promettenti delle attivit\u00e0 di ricerca e sperimentazione di AEtere\u2019s \u00e8, fin dalle origini, <strong>lo studio del suono nello spazio<\/strong>. Con la SYSTEMS AND MAGIC \u00e8 nato subito un dialogo molto proficuo che ha portato ad un&#8217;intesa prima e alla collaborazione poi: <strong>AEtere&#8217;s ha scelto di utilizzare la tecnologia SYSTEMS AND MAGIC che ha ritenuto essere qualitativamente la pi\u00f9 idonea alle sue ricerche<\/strong>.<\/p>\n<p>Dalla sua parte SYSTEMS AND MAGIC ha trovato in AEtere&#8217;s il partner pi\u00f9 adatto per aumentare l\u2019efficacia dei propri prodotti. Dalla <strong>sinergia<\/strong> delle due tecnologie si \u00e8 quindi aperta la possibilit\u00e0 di ottenere la migliore rettifica energetica possibile dell&#8217;architettura della riproduzione del suono.<\/p>\n<p>Il primo frutto dell&#8217;integrazione delle due tecnologie \u00e8 rappresentato dall&#8217;attuale versione dei <strong>filtri BlackNoise<\/strong>, un prodotto ormai molto ben conosciuto e consolidato, che dopo otto anni di presenza sul mercato \u00e8 al suo primo sostanziale upgrade: un profondo rinnovamento, avvenuto senza snaturarne i caratteri fondamentali, ma la fusione con la tecnologia AEtere&#8217;s ne ha migliorato sostanzialmente la qualit\u00e0, apportando ulteriore raffinatezza e coinvolgimento emotivo nell&#8217;evento sonoro facendo percepire i suoni ancora pi\u00f9 levigati, ricchi e maestosi. Con un tessuto armonico cos\u00ec costituito si creano momenti di ascolto intensi ma sempre in uno stato di rilassamento.<\/p>\n<p>Lo stesso ambiente d&#8217;ascolto, infatti, essendo meno congesto e pi\u00f9 armonico, \u00e8 in grado di contenere pi\u00f9 informazioni che meglio contribuiscono alla piena fruizione dell&#8217;evento sonoro. E tutto questo senza rinunciare alla vivacit\u00e0 dinamica, al dettaglio e alla correttezza timbrica che hanno sempre contraddistinto i prodotti BlackNoise: la Qualit\u00e0 \u00e8 andata oltre, si \u00e8 trasformata in PIACERE!<\/p>\n<h4>L\u2019AEtere\u2019s ha chiesto alla SYSTEMS AND MAGIC di realizzare in esclusiva un prodotto dalle caratteristiche particolari ed eclettiche: l\u2019<a href=\"https:\/\/#\">ORPHEUS<\/a>.<\/h4>\n[\/spb_text_block] [spb_text_block pb_margin_bottom=&#8221;no&#8221; pb_border_bottom=&#8221;no&#8221; width=&#8221;1\/1&#8243; el_position=&#8221;first last&#8221;]\n\n\t\t<style type=\"text\/css\">\n\t\t\t#gallery-1 {\n\t\t\t\tmargin: auto;\n\t\t\t}\n\t\t\t#gallery-1 .gallery-item {\n\t\t\t\tfloat: left;\n\t\t\t\tmargin-top: 10px;\n\t\t\t\ttext-align: center;\n\t\t\t\twidth: 20%;\n\t\t\t}\n\t\t\t#gallery-1 img {\n\t\t\t\tborder: 2px solid #cfcfcf;\n\t\t\t}\n\t\t\t#gallery-1 .gallery-caption {\n\t\t\t\tmargin-left: 0;\n\t\t\t}\n\t\t\t\/* see gallery_shortcode() in wp-includes\/media.php *\/\n\t\t<\/style>\n\t\t<div id='gallery-1' class='gallery galleryid-1797 gallery-columns-5 gallery-size-thumbnail'><dl class='gallery-item'>\n\t\t\t<dt class='gallery-icon landscape'>\n\t\t\t\t<a href='https:\/\/aeteres.com\/en\/systems-and-magic01-2\/'><img loading=\"lazy\" decoding=\"async\" width=\"175\" height=\"100\" src=\"https:\/\/aeteres.com\/wp-content\/uploads\/Systems-and-Magic01-175x100.jpg\" class=\"attachment-thumbnail size-thumbnail\" alt=\"\" srcset=\"https:\/\/aeteres.com\/wp-content\/uploads\/Systems-and-Magic01-175x100.jpg 175w, https:\/\/aeteres.com\/wp-content\/uploads\/Systems-and-Magic01-300x172.jpg 300w, https:\/\/aeteres.com\/wp-content\/uploads\/Systems-and-Magic01.jpg 1024w\" sizes=\"auto, (max-width: 175px) 100vw, 175px\" \/><\/a>\n\t\t\t<\/dt><\/dl><dl class='gallery-item'>\n\t\t\t<dt class='gallery-icon landscape'>\n\t\t\t\t<a href='https:\/\/aeteres.com\/en\/systems-and-magic03-2\/'><img loading=\"lazy\" decoding=\"async\" width=\"175\" height=\"131\" src=\"https:\/\/aeteres.com\/wp-content\/uploads\/Systems-and-Magic03-175x131.jpg\" class=\"attachment-thumbnail size-thumbnail\" alt=\"\" srcset=\"https:\/\/aeteres.com\/wp-content\/uploads\/Systems-and-Magic03-175x131.jpg 175w, https:\/\/aeteres.com\/wp-content\/uploads\/Systems-and-Magic03-300x225.jpg 300w, https:\/\/aeteres.com\/wp-content\/uploads\/Systems-and-Magic03-94x70.jpg 94w, https:\/\/aeteres.com\/wp-content\/uploads\/Systems-and-Magic03-600x450.jpg 600w, https:\/\/aeteres.com\/wp-content\/uploads\/Systems-and-Magic03-900x675.jpg 900w, https:\/\/aeteres.com\/wp-content\/uploads\/Systems-and-Magic03.jpg 1024w\" sizes=\"auto, (max-width: 175px) 100vw, 175px\" \/><\/a>\n\t\t\t<\/dt><\/dl><dl class='gallery-item'>\n\t\t\t<dt class='gallery-icon landscape'>\n\t\t\t\t<a href='https:\/\/aeteres.com\/en\/systems-and-magic02-2\/'><img loading=\"lazy\" decoding=\"async\" width=\"175\" height=\"131\" src=\"https:\/\/aeteres.com\/wp-content\/uploads\/Systems-and-Magic02-175x131.jpg\" class=\"attachment-thumbnail size-thumbnail\" alt=\"\" srcset=\"https:\/\/aeteres.com\/wp-content\/uploads\/Systems-and-Magic02-175x131.jpg 175w, https:\/\/aeteres.com\/wp-content\/uploads\/Systems-and-Magic02-300x225.jpg 300w, https:\/\/aeteres.com\/wp-content\/uploads\/Systems-and-Magic02-94x70.jpg 94w, https:\/\/aeteres.com\/wp-content\/uploads\/Systems-and-Magic02-600x450.jpg 600w, https:\/\/aeteres.com\/wp-content\/uploads\/Systems-and-Magic02-900x675.jpg 900w, https:\/\/aeteres.com\/wp-content\/uploads\/Systems-and-Magic02.jpg 1024w\" sizes=\"auto, (max-width: 175px) 100vw, 175px\" \/><\/a>\n\t\t\t<\/dt><\/dl><dl class='gallery-item'>\n\t\t\t<dt class='gallery-icon landscape'>\n\t\t\t\t<a href='https:\/\/aeteres.com\/en\/systems-and-magic05-2\/'><img loading=\"lazy\" decoding=\"async\" width=\"175\" height=\"131\" src=\"https:\/\/aeteres.com\/wp-content\/uploads\/Systems-and-Magic05-175x131.jpg\" class=\"attachment-thumbnail size-thumbnail\" alt=\"\" srcset=\"https:\/\/aeteres.com\/wp-content\/uploads\/Systems-and-Magic05-175x131.jpg 175w, https:\/\/aeteres.com\/wp-content\/uploads\/Systems-and-Magic05-300x225.jpg 300w, https:\/\/aeteres.com\/wp-content\/uploads\/Systems-and-Magic05-94x70.jpg 94w, https:\/\/aeteres.com\/wp-content\/uploads\/Systems-and-Magic05-600x450.jpg 600w, https:\/\/aeteres.com\/wp-content\/uploads\/Systems-and-Magic05-900x675.jpg 900w, https:\/\/aeteres.com\/wp-content\/uploads\/Systems-and-Magic05.jpg 1024w\" sizes=\"auto, (max-width: 175px) 100vw, 175px\" \/><\/a>\n\t\t\t<\/dt><\/dl><dl class='gallery-item'>\n\t\t\t<dt class='gallery-icon landscape'>\n\t\t\t\t<a href='https:\/\/aeteres.com\/en\/systems-and-magic04-2\/'><img loading=\"lazy\" decoding=\"async\" width=\"175\" height=\"111\" src=\"https:\/\/aeteres.com\/wp-content\/uploads\/Systems-and-Magic04-175x111.jpg\" class=\"attachment-thumbnail size-thumbnail\" alt=\"\" srcset=\"https:\/\/aeteres.com\/wp-content\/uploads\/Systems-and-Magic04-175x111.jpg 175w, https:\/\/aeteres.com\/wp-content\/uploads\/Systems-and-Magic04-300x191.jpg 300w, https:\/\/aeteres.com\/wp-content\/uploads\/Systems-and-Magic04.jpg 1024w\" sizes=\"auto, (max-width: 175px) 100vw, 175px\" \/><\/a>\n\t\t\t<\/dt><\/dl><br style=\"clear: both\" \/>\n\t\t<\/div>\n\n[\/spb_text_block] [spb_text_block pb_margin_bottom=&#8221;no&#8221; pb_border_bottom=&#8221;no&#8221; width=&#8221;1\/1&#8243; el_position=&#8221;first last&#8221;]\n<p>Oltre al gi\u00e0 classico e consolidato blu-cenere, i distributori al servizio dei filtri ORPHEUS sono offerti nella versione SixColor, quattro colori per un migliore inserimento negli uffici e nell&#8217;entertainment elettronico delle moderne abitazioni, sia esso Home-Theater, gaming o audio Hi-End. I SixColor sono perfettamente abbinabili alla linea di cavi di alimentazione isolati Joker disponibili a loro volta in ben dieci tonalit\u00e0.<\/p>\n<div class=\"horizontal-break\"> <\/div>\n<a class=\"sf-button standard accent sf-icon-reveal \" href=\"https:\/\/www.remusic.it\/IT\/Filtro-di-rete-Systems-and-Magic-BlackNoise-Extreme-V2-0f30a000\" target=\"_self\"><i class=\"ss-link\"><\/i><span class=\"text\">Leggi la recensione su REMUSIC: Filtro di rete Systems and Magic BlackNoise Extreme V2 di Roberto Rocchi<\/span><\/a>\n<a class=\"sf-button standard accent sf-icon-reveal \" href=\"https:\/\/www.systemsandmagic.com\/\" target=\"_self\"><i class=\"ss-link\"><\/i><span class=\"text\">systemsandmagic.com<\/span><\/a>\n[\/spb_text_block]\n","protected":false},"excerpt":{"rendered":"<p>[spb_text_block pb_margin_bottom=&#8221;no&#8221; pb_border_bottom=&#8221;no&#8221; width=&#8221;1\/1&#8243; el_position=&#8221;first last&#8221;] FUNCTION AND EMOTION Uno dei campi pi\u00f9 promettenti delle attivit\u00e0 di ricerca e sperimentazione di AEtere\u2019s \u00e8, fin dalle origini, lo studio del suono nello spazio. Con la SYSTEMS AND MAGIC \u00e8 nato subito un dialogo molto proficuo che ha portato ad un&#8217;intesa prima e alla collaborazione poi: AEtere&#8217;s ha scelto di utilizzare la [&hellip;]<\/p>\n","protected":false},"author":2,"featured_media":7599,"parent":1783,"menu_order":0,"comment_status":"closed","ping_status":"closed","template":"","meta":{"footnotes":""},"class_list":["post-1797","page","type-page","status-publish","has-post-thumbnail","hentry"],"_links":{"self":[{"href":"https:\/\/aeteres.com\/en\/wp-json\/wp\/v2\/pages\/1797","targetHints":{"allow":["GET"]}}],"collection":[{"href":"https:\/\/aeteres.com\/en\/wp-json\/wp\/v2\/pages"}],"about":[{"href":"https:\/\/aeteres.com\/en\/wp-json\/wp\/v2\/types\/page"}],"author":[{"embeddable":true,"href":"https:\/\/aeteres.com\/en\/wp-json\/wp\/v2\/users\/2"}],"replies":[{"embeddable":true,"href":"https:\/\/aeteres.com\/en\/wp-json\/wp\/v2\/comments?post=1797"}],"version-history":[{"count":0,"href":"https:\/\/aeteres.com\/en\/wp-json\/wp\/v2\/pages\/1797\/revisions"}],"up":[{"embeddable":true,"href":"https:\/\/aeteres.com\/en\/wp-json\/wp\/v2\/pages\/1783"}],"wp:featuredmedia":[{"embeddable":true,"href":"https:\/\/aeteres.com\/en\/wp-json\/wp\/v2\/media\/7599"}],"wp:attachment":[{"href":"https:\/\/aeteres.com\/en\/wp-json\/wp\/v2\/media?parent=1797"}],"curies":[{"name":"wp","href":"https:\/\/api.w.org\/{rel}","templated":true}]}}